{"id":407,"date":"2024-10-04T08:28:55","date_gmt":"2024-10-04T06:28:55","guid":{"rendered":"https:\/\/www.amvmeca.com\/fr\/?page_id=407"},"modified":"2024-10-04T08:30:34","modified_gmt":"2024-10-04T06:30:34","slug":"types-de-biseaux-lames-et-couteaux-industriels","status":"publish","type":"page","link":"https:\/\/www.amvmeca.com\/fr\/types-de-biseaux-lames-et-couteaux-industriels","title":{"rendered":"Les biseaux"},"content":{"rendered":"<div  class='flex_column av-av_one_full-cab6cb91e42b24d4f503cdabdc5ed6e0 av_one_full  avia-builder-el-0  el_before_av_one_full  avia-builder-el-first  first flex_column_div  '     ><style type=\"text\/css\" data-created_by=\"avia_inline_auto\" id=\"style-css-av-m1ucg2vi-a90e38cc006826b43ca88523223c9349\">\n#top .av-special-heading.av-m1ucg2vi-a90e38cc006826b43ca88523223c9349{\npadding-bottom:10px;\n}\nbody .av-special-heading.av-m1ucg2vi-a90e38cc006826b43ca88523223c9349 .av-special-heading-tag .heading-char{\nfont-size:25px;\n}\n.av-special-heading.av-m1ucg2vi-a90e38cc006826b43ca88523223c9349 .av-subheading{\nfont-size:15px;\n}\n<\/style>\n<div  class='av-special-heading av-m1ucg2vi-a90e38cc006826b43ca88523223c9349 av-special-heading-h1 blockquote modern-quote  avia-builder-el-1  avia-builder-el-no-sibling '><h1 class='av-special-heading-tag '  itemprop=\"headline\"  >Les biseaux<\/h1><div class=\"special-heading-border\"><div class=\"special-heading-inner-border\"><\/div><\/div><\/div><\/div><div  class='flex_column av-av_one_full-cab6cb91e42b24d4f503cdabdc5ed6e0 av_one_full  avia-builder-el-2  el_after_av_one_full  avia-builder-el-last  first flex_column_div  column-top-margin'     ><section  class='av_textblock_section av-m1uch6rt-f45bc10ab16cf42dc3a075e55ec00e4f '   itemscope=\"itemscope\" itemtype=\"https:\/\/schema.org\/CreativeWork\" ><div class='avia_textblock'  itemprop=\"text\" ><h2><a href=\"https:\/\/www.amvmeca.com\/wp-content\/uploads\/2024\/10\/biseaux-lame-couteau-industriel.jpg\"><img loading=\"lazy\" decoding=\"async\" class=\"alignleft size-full wp-image-406\" src=\"https:\/\/www.amvmeca.com\/wp-content\/uploads\/2024\/10\/biseaux-lame-couteau-industriel.jpg\" alt=\"biseaux-lame-couteau-industriel\" width=\"312\" height=\"373\" srcset=\"https:\/\/www.amvmeca.com\/wp-content\/uploads\/2024\/10\/biseaux-lame-couteau-industriel.jpg 312w, https:\/\/www.amvmeca.com\/wp-content\/uploads\/2024\/10\/biseaux-lame-couteau-industriel-251x300.jpg 251w\" sizes=\"auto, (max-width: 312px) 100vw, 312px\" \/><\/a><br \/>\nBiseaux pour tous types de lames<br \/>\nPossibilit\u00e9 de r\u00e9aliser des biseaux asym\u00e9triques<\/h2>\n<p>1. Simple biseau<\/p>\n<p>2. Simple biseau + Contre biseau<\/p>\n<p>3. Double biseau<\/p>\n<p>4. Double biseau + Contre biseau<\/p>\n<\/div><\/section><\/div><\/p>\n","protected":false},"excerpt":{"rendered":"","protected":false},"author":1,"featured_media":0,"parent":0,"menu_order":0,"comment_status":"closed","ping_status":"closed","template":"","meta":{"footnotes":""},"class_list":["post-407","page","type-page","status-publish","hentry"],"_links":{"self":[{"href":"https:\/\/www.amvmeca.com\/fr\/wp-json\/wp\/v2\/pages\/407","targetHints":{"allow":["GET"]}}],"collection":[{"href":"https:\/\/www.amvmeca.com\/fr\/wp-json\/wp\/v2\/pages"}],"about":[{"href":"https:\/\/www.amvmeca.com\/fr\/wp-json\/wp\/v2\/types\/page"}],"author":[{"embeddable":true,"href":"https:\/\/www.amvmeca.com\/fr\/wp-json\/wp\/v2\/users\/1"}],"replies":[{"embeddable":true,"href":"https:\/\/www.amvmeca.com\/fr\/wp-json\/wp\/v2\/comments?post=407"}],"version-history":[{"count":0,"href":"https:\/\/www.amvmeca.com\/fr\/wp-json\/wp\/v2\/pages\/407\/revisions"}],"wp:attachment":[{"href":"https:\/\/www.amvmeca.com\/fr\/wp-json\/wp\/v2\/media?parent=407"}],"curies":[{"name":"wp","href":"https:\/\/api.w.org\/{rel}","templated":true}]}}