{"id":29,"date":"2024-09-27T17:17:25","date_gmt":"2024-09-27T15:17:25","guid":{"rendered":"https:\/\/www.amvmeca.com\/fr\/?page_id=29"},"modified":"2024-12-10T17:32:31","modified_gmt":"2024-12-10T16:32:31","slug":"marches","status":"publish","type":"page","link":"https:\/\/www.amvmeca.com\/fr\/marches","title":{"rendered":"March\u00e9s"},"content":{"rendered":"<div  class='flex_column av-1nd25-4f99d49b0dc10d26502bfc32496275c9 av_one_full  avia-builder-el-0  el_before_av_one_full  avia-builder-el-first  first flex_column_div  '     ><style type=\"text\/css\" data-created_by=\"avia_inline_auto\" id=\"style-css-av-m1qmtush-08253a116db2caf8b87f28f8e2b93bc8\">\n#top .av-special-heading.av-m1qmtush-08253a116db2caf8b87f28f8e2b93bc8{\npadding-bottom:10px;\n}\nbody .av-special-heading.av-m1qmtush-08253a116db2caf8b87f28f8e2b93bc8 .av-special-heading-tag .heading-char{\nfont-size:25px;\n}\n.av-special-heading.av-m1qmtush-08253a116db2caf8b87f28f8e2b93bc8 .av-subheading{\nfont-size:15px;\n}\n<\/style>\n<div  class='av-special-heading av-m1qmtush-08253a116db2caf8b87f28f8e2b93bc8 av-special-heading-h1 blockquote modern-quote  avia-builder-el-1  avia-builder-el-no-sibling '><h1 class='av-special-heading-tag '  itemprop=\"headline\"  >March\u00e9s<\/h1><div class=\"special-heading-border\"><div class=\"special-heading-inner-border\"><\/div><\/div><\/div><\/div>\n<div  class='flex_column av-szul-034480776ca6984220881628787c89b1 av_one_full  avia-builder-el-2  el_after_av_one_full  avia-builder-el-last  first flex_column_div  column-top-margin'     ><section  class='av_textblock_section av-m1qmubvn-95a0b7787ed898cb4f0b0e9a8f8f4847 '   itemscope=\"itemscope\" itemtype=\"https:\/\/schema.org\/CreativeWork\" ><div class='avia_textblock escaliers'  itemprop=\"text\" ><p><strong>La soci\u00e9t\u00e9 AMVMECA est pr\u00e9sente dans de nombreux domaines d&rsquo;activit\u00e9s :<\/strong><\/p>\n<p><img loading=\"lazy\" decoding=\"async\" class=\"size-full wp-image-243 alignleft\" src=\"https:\/\/www.amvmeca.com\/wp-content\/uploads\/2024\/10\/amvmeca-lames-couteaux-industriels-automobile.jpg\" alt=\"\" width=\"67\" height=\"67\" srcset=\"https:\/\/www.amvmeca.com\/wp-content\/uploads\/2024\/10\/amvmeca-lames-couteaux-industriels-automobile.jpg 67w, https:\/\/www.amvmeca.com\/wp-content\/uploads\/2024\/10\/amvmeca-lames-couteaux-industriels-automobile-36x36.jpg 36w\" sizes=\"auto, (max-width: 67px) 100vw, 67px\" \/><img loading=\"lazy\" decoding=\"async\" class=\"size-full wp-image-247 alignleft\" src=\"https:\/\/www.amvmeca.com\/wp-content\/uploads\/2024\/10\/amvmeca-lames-couteaux-industriels-pneumatiques.jpg\" alt=\"\" width=\"67\" height=\"67\" srcset=\"https:\/\/www.amvmeca.com\/wp-content\/uploads\/2024\/10\/amvmeca-lames-couteaux-industriels-pneumatiques.jpg 67w, https:\/\/www.amvmeca.com\/wp-content\/uploads\/2024\/10\/amvmeca-lames-couteaux-industriels-pneumatiques-36x36.jpg 36w\" sizes=\"auto, (max-width: 67px) 100vw, 67px\" \/><br \/>\nL&rsquo;automobile \u00e0 travers le travail des tubes, des baguettes de d\u00e9coration, des pneumatiques&#8230;,<\/p>\n<p><img loading=\"lazy\" decoding=\"async\" class=\"alignleft size-full wp-image-244\" src=\"https:\/\/www.amvmeca.com\/wp-content\/uploads\/2024\/10\/amvmeca-lames-couteaux-industriels-batiment.jpg\" alt=\"\" width=\"67\" height=\"67\" srcset=\"https:\/\/www.amvmeca.com\/wp-content\/uploads\/2024\/10\/amvmeca-lames-couteaux-industriels-batiment.jpg 67w, https:\/\/www.amvmeca.com\/wp-content\/uploads\/2024\/10\/amvmeca-lames-couteaux-industriels-batiment-36x36.jpg 36w\" sizes=\"auto, (max-width: 67px) 100vw, 67px\" \/><br \/>\nLe b\u00e2timent \u00e0 travers la d\u00e9coupe de la laine de verre ou des produits r\u00e9fractaires&#8230;,<\/p>\n<p><img loading=\"lazy\" decoding=\"async\" class=\"size-full wp-image-240 alignleft\" src=\"https:\/\/www.amvmeca.com\/wp-content\/uploads\/2024\/10\/amvmeca-lames-couteaux-industriels-aeronautique.jpg\" alt=\"\" width=\"67\" height=\"67\" srcset=\"https:\/\/www.amvmeca.com\/wp-content\/uploads\/2024\/10\/amvmeca-lames-couteaux-industriels-aeronautique.jpg 67w, https:\/\/www.amvmeca.com\/wp-content\/uploads\/2024\/10\/amvmeca-lames-couteaux-industriels-aeronautique-36x36.jpg 36w\" sizes=\"auto, (max-width: 67px) 100vw, 67px\" \/><br \/>\nL&rsquo;a\u00e9ronautique avec la d\u00e9coupe d&rsquo;aciers sp\u00e9cifiques et de caoutchouc&#8230;,<\/p>\n<p><img loading=\"lazy\" decoding=\"async\" class=\"alignleft size-full wp-image-241\" src=\"https:\/\/www.amvmeca.com\/wp-content\/uploads\/2024\/10\/amvmeca-lames-couteaux-industriels-agroalimentaire.jpg\" alt=\"\" width=\"67\" height=\"67\" srcset=\"https:\/\/www.amvmeca.com\/wp-content\/uploads\/2024\/10\/amvmeca-lames-couteaux-industriels-agroalimentaire.jpg 67w, https:\/\/www.amvmeca.com\/wp-content\/uploads\/2024\/10\/amvmeca-lames-couteaux-industriels-agroalimentaire-36x36.jpg 36w\" sizes=\"auto, (max-width: 67px) 100vw, 67px\" \/><br \/>\nL&rsquo;agroalimentaire en coupant le produit et\/ou son emballage&#8230;,<\/p>\n<p><img loading=\"lazy\" decoding=\"async\" class=\"alignleft size-full wp-image-246\" src=\"https:\/\/www.amvmeca.com\/wp-content\/uploads\/2024\/10\/amvmeca-lames-couteaux-industriels-medical.jpg\" alt=\"\" width=\"67\" height=\"67\" srcset=\"https:\/\/www.amvmeca.com\/wp-content\/uploads\/2024\/10\/amvmeca-lames-couteaux-industriels-medical.jpg 67w, https:\/\/www.amvmeca.com\/wp-content\/uploads\/2024\/10\/amvmeca-lames-couteaux-industriels-medical-36x36.jpg 36w\" sizes=\"auto, (max-width: 67px) 100vw, 67px\" \/><br \/>\nLe m\u00e9dical dans des machines de test ou dans la d\u00e9coupe de textile m\u00e9dical&#8230;,<\/p>\n<p><img loading=\"lazy\" decoding=\"async\" class=\"alignleft size-full wp-image-245\" src=\"https:\/\/www.amvmeca.com\/wp-content\/uploads\/2024\/10\/amvmeca-lames-couteaux-industriels-emballage.jpg\" alt=\"\" width=\"67\" height=\"67\" srcset=\"https:\/\/www.amvmeca.com\/wp-content\/uploads\/2024\/10\/amvmeca-lames-couteaux-industriels-emballage.jpg 67w, https:\/\/www.amvmeca.com\/wp-content\/uploads\/2024\/10\/amvmeca-lames-couteaux-industriels-emballage-36x36.jpg 36w\" sizes=\"auto, (max-width: 67px) 100vw, 67px\" \/><br \/>\nL&#8217;emballage dans la d\u00e9coupe des tubes cartons ou la d\u00e9coupe ou pr\u00e9d\u00e9coupe des films plastiques,<\/p>\n<p><img loading=\"lazy\" decoding=\"async\" class=\"alignleft size-full wp-image-248\" src=\"https:\/\/www.amvmeca.com\/wp-content\/uploads\/2024\/10\/amvmeca-lames-couteaux-industriels-recyclage.jpg\" alt=\"\" width=\"67\" height=\"67\" srcset=\"https:\/\/www.amvmeca.com\/wp-content\/uploads\/2024\/10\/amvmeca-lames-couteaux-industriels-recyclage.jpg 67w, https:\/\/www.amvmeca.com\/wp-content\/uploads\/2024\/10\/amvmeca-lames-couteaux-industriels-recyclage-36x36.jpg 36w\" sizes=\"auto, (max-width: 67px) 100vw, 67px\" \/><br \/>\nLe recyclage avec nos lames de broyeurs,<\/p>\n<p><img loading=\"lazy\" decoding=\"async\" class=\"alignleft size-full wp-image-242\" src=\"https:\/\/www.amvmeca.com\/wp-content\/uploads\/2024\/10\/amvmeca-lames-couteaux-industriels-art-culinaire.jpg\" alt=\"\" width=\"67\" height=\"67\" srcset=\"https:\/\/www.amvmeca.com\/wp-content\/uploads\/2024\/10\/amvmeca-lames-couteaux-industriels-art-culinaire.jpg 67w, https:\/\/www.amvmeca.com\/wp-content\/uploads\/2024\/10\/amvmeca-lames-couteaux-industriels-art-culinaire-36x36.jpg 36w\" sizes=\"auto, (max-width: 67px) 100vw, 67px\" \/><br \/>\nLa terre cuite et l&rsquo;art culinaire&#8230;<\/p>\n<p><strong>Notre diversit\u00e9 de domaines permet \u00e0 la soci\u00e9t\u00e9 AMVMECA d&rsquo;apporter les solutions les plus innovantes \u00e0 nos clients, qu&rsquo;ils soient des PME leader dans leur domaine, ou des grands groupes internationaux.<\/strong><\/p>\n<p><strong>Faites comme eux, appuyez-vous sur notre savoir faire et notre technicit\u00e9 pour vous aider !<br \/>\n<\/strong><\/p>\n<\/div><\/section><\/div>\n","protected":false},"excerpt":{"rendered":"","protected":false},"author":1,"featured_media":0,"parent":0,"menu_order":0,"comment_status":"closed","ping_status":"closed","template":"","meta":{"footnotes":""},"class_list":["post-29","page","type-page","status-publish","hentry"],"_links":{"self":[{"href":"https:\/\/www.amvmeca.com\/fr\/wp-json\/wp\/v2\/pages\/29","targetHints":{"allow":["GET"]}}],"collection":[{"href":"https:\/\/www.amvmeca.com\/fr\/wp-json\/wp\/v2\/pages"}],"about":[{"href":"https:\/\/www.amvmeca.com\/fr\/wp-json\/wp\/v2\/types\/page"}],"author":[{"embeddable":true,"href":"https:\/\/www.amvmeca.com\/fr\/wp-json\/wp\/v2\/users\/1"}],"replies":[{"embeddable":true,"href":"https:\/\/www.amvmeca.com\/fr\/wp-json\/wp\/v2\/comments?post=29"}],"version-history":[{"count":2,"href":"https:\/\/www.amvmeca.com\/fr\/wp-json\/wp\/v2\/pages\/29\/revisions"}],"predecessor-version":[{"id":540,"href":"https:\/\/www.amvmeca.com\/fr\/wp-json\/wp\/v2\/pages\/29\/revisions\/540"}],"wp:attachment":[{"href":"https:\/\/www.amvmeca.com\/fr\/wp-json\/wp\/v2\/media?parent=29"}],"curies":[{"name":"wp","href":"https:\/\/api.w.org\/{rel}","templated":true}]}}