{"id":137,"date":"2024-10-01T16:14:27","date_gmt":"2024-10-01T14:14:27","guid":{"rendered":"https:\/\/www.amvmeca.com\/fr\/?page_id=137"},"modified":"2024-10-03T12:01:19","modified_gmt":"2024-10-03T10:01:19","slug":"revetements","status":"publish","type":"page","link":"https:\/\/www.amvmeca.com\/fr\/revetements","title":{"rendered":"Rev\u00eatements"},"content":{"rendered":"<div  class='flex_column av-av_one_full-cab6cb91e42b24d4f503cdabdc5ed6e0 av_one_full  avia-builder-el-0  el_before_av_one_full  avia-builder-el-first  first flex_column_div  '     ><style type=\"text\/css\" data-created_by=\"avia_inline_auto\" id=\"style-css-av-m1qitywj-cb6258e4b26d48b9c470553d16f583ea\">\n#top .av-special-heading.av-m1qitywj-cb6258e4b26d48b9c470553d16f583ea{\npadding-bottom:10px;\n}\nbody .av-special-heading.av-m1qitywj-cb6258e4b26d48b9c470553d16f583ea .av-special-heading-tag .heading-char{\nfont-size:25px;\n}\n.av-special-heading.av-m1qitywj-cb6258e4b26d48b9c470553d16f583ea .av-subheading{\nfont-size:15px;\n}\n<\/style>\n<div  class='av-special-heading av-m1qitywj-cb6258e4b26d48b9c470553d16f583ea av-special-heading-h1 blockquote modern-quote  avia-builder-el-1  avia-builder-el-no-sibling '><h1 class='av-special-heading-tag '  itemprop=\"headline\"  >Rev\u00eatements<\/h1><div class=\"special-heading-border\"><div class=\"special-heading-inner-border\"><\/div><\/div><\/div><\/div><div  class='flex_column av-ardbl-c864d91062b18914cc045ea2bd043223 av_one_full  avia-builder-el-2  el_after_av_one_full  avia-builder-el-last  first flex_column_div  column-top-margin'     ><section  class='av_textblock_section av-m1qitqeg-07c4af845a5d929a14ba9d33fe94e53a '   itemscope=\"itemscope\" itemtype=\"https:\/\/schema.org\/CreativeWork\" ><div class='avia_textblock'  itemprop=\"text\" ><h2>Des applications extr\u00eames<\/h2>\n<p>Du rev\u00eatement PVD simple couche type TIN au multicouche type TiAlN, en passant par les rev\u00eatements \u00e0 base de Chrome ou de T\u00e9flon, la soci\u00e9t\u00e9 <strong>AMVMECA<\/strong> intervient dans toutes les applications difficiles :<\/p>\n<p>&#8211; Coupe de mat\u00e9riaux tr\u00e8s durs ou tr\u00e8s mous,<\/p>\n<p>&#8211; Coupe de mat\u00e9riaux tr\u00e8s collants,<\/p>\n<p>&#8211; Coupe de mat\u00e9riaux tr\u00e8s fins ou tr\u00e8s \u00e9pais,<\/p>\n<p>&#8211; Coupe de mat\u00e9riaux abrasifs&#8230;<\/p>\n<p><strong>AMVMECA<\/strong> a su d\u00e9velopper avec ses partenaires des rev\u00eatements sp\u00e9cifiques pour am\u00e9liorer la coupe et augmenter la dur\u00e9e de vie de vos couteaux industriels.<\/p>\n<p><strong>Faites nous part de vos probl\u00e9matiques de coupe !!! Nous \u00e9tudierons avec vous les solutions techniques&#8230;<\/strong><\/p>\n<\/div><\/section><\/div><\/p>\n","protected":false},"excerpt":{"rendered":"","protected":false},"author":1,"featured_media":0,"parent":0,"menu_order":0,"comment_status":"closed","ping_status":"closed","template":"","meta":{"footnotes":""},"class_list":["post-137","page","type-page","status-publish","hentry"],"_links":{"self":[{"href":"https:\/\/www.amvmeca.com\/fr\/wp-json\/wp\/v2\/pages\/137","targetHints":{"allow":["GET"]}}],"collection":[{"href":"https:\/\/www.amvmeca.com\/fr\/wp-json\/wp\/v2\/pages"}],"about":[{"href":"https:\/\/www.amvmeca.com\/fr\/wp-json\/wp\/v2\/types\/page"}],"author":[{"embeddable":true,"href":"https:\/\/www.amvmeca.com\/fr\/wp-json\/wp\/v2\/users\/1"}],"replies":[{"embeddable":true,"href":"https:\/\/www.amvmeca.com\/fr\/wp-json\/wp\/v2\/comments?post=137"}],"version-history":[{"count":0,"href":"https:\/\/www.amvmeca.com\/fr\/wp-json\/wp\/v2\/pages\/137\/revisions"}],"wp:attachment":[{"href":"https:\/\/www.amvmeca.com\/fr\/wp-json\/wp\/v2\/media?parent=137"}],"curies":[{"name":"wp","href":"https:\/\/api.w.org\/{rel}","templated":true}]}}