{"id":135,"date":"2024-10-01T16:14:18","date_gmt":"2024-10-01T14:14:18","guid":{"rendered":"https:\/\/www.amvmeca.com\/fr\/?page_id=135"},"modified":"2024-10-03T12:03:59","modified_gmt":"2024-10-03T10:03:59","slug":"traitement-thermique","status":"publish","type":"page","link":"https:\/\/www.amvmeca.com\/fr\/traitement-thermique","title":{"rendered":"Traitement thermique"},"content":{"rendered":"<div  class='flex_column av-av_one_full-cab6cb91e42b24d4f503cdabdc5ed6e0 av_one_full  avia-builder-el-0  el_before_av_one_full  avia-builder-el-first  first flex_column_div  '     ><style type=\"text\/css\" data-created_by=\"avia_inline_auto\" id=\"style-css-av-m1qj504s-c7daffda5fec5568a03d099af4ee24ed\">\n#top .av-special-heading.av-m1qj504s-c7daffda5fec5568a03d099af4ee24ed{\npadding-bottom:10px;\n}\nbody .av-special-heading.av-m1qj504s-c7daffda5fec5568a03d099af4ee24ed .av-special-heading-tag .heading-char{\nfont-size:25px;\n}\n.av-special-heading.av-m1qj504s-c7daffda5fec5568a03d099af4ee24ed .av-subheading{\nfont-size:15px;\n}\n<\/style>\n<div  class='av-special-heading av-m1qj504s-c7daffda5fec5568a03d099af4ee24ed av-special-heading-h1 blockquote modern-quote  avia-builder-el-1  avia-builder-el-no-sibling '><h1 class='av-special-heading-tag '  itemprop=\"headline\"  >TRAITEMENT THERMIQUE<\/h1><div class=\"special-heading-border\"><div class=\"special-heading-inner-border\"><\/div><\/div><\/div><\/div><div  class='flex_column av-av_one_full-cab6cb91e42b24d4f503cdabdc5ed6e0 av_one_full  avia-builder-el-2  el_after_av_one_full  avia-builder-el-last  first flex_column_div  column-top-margin'     ><section  class='av_textblock_section av-m1qj4t7a-f1b9f51a2ed2485dfd85f785285ff2f9 '   itemscope=\"itemscope\" itemtype=\"https:\/\/schema.org\/CreativeWork\" ><div class='avia_textblock'  itemprop=\"text\" ><p>Le traitement thermique compl\u00e9ment indispensable de nos aciers.<br \/>\nEn fonction des applications clients <strong>AMVMECA<\/strong> choisit la mati\u00e8re \u00e0 utiliser.<br \/>\nDe la m\u00eame mani\u00e8re <strong>AMVMECA<\/strong> d\u00e9finit la duret\u00e9 n\u00e9cessaire pour garantir une bonne qualit\u00e9 de coupe et une bonne long\u00e9vit\u00e9.<\/p>\n<p>Gr\u00e2ce \u00e0 nos partenaires, sp\u00e9cialistes du traitement thermique, sous vide, au bain de sel, ou sous presse, nous sommes capables de vous garantir la duret\u00e9 dont vous avez besoin, ainsi que la structure mol\u00e9culaire garant d&rsquo;une bonne homog\u00e9n\u00e9it\u00e9 de la mati\u00e8re.<\/p>\n<p>Nos techniques permettent de garantir la meilleure plan\u00e9it\u00e9, et d&rsquo;\u00e9viter les tensions du m\u00e9tal.<br \/>\nLe savoir faire de nos op\u00e9rateurs vient am\u00e9liorer, si n\u00e9cessaire, le planage et le tensionnage de nos couteaux industriels.<\/p>\n<p>Comme pour toutes les \u00e9tapes de la fabrication de nos couteaux industriels, la soci\u00e9t\u00e9 <strong>AMVMECA<\/strong> est \u00e9quip\u00e9e pour contr\u00f4ler la conformit\u00e9 et la r\u00e9p\u00e9tabilit\u00e9 de nos produits :<\/p>\n<ul>\n<li>Contr\u00f4le de duret\u00e9 TESTWELL en HRc,<\/li>\n<li>Contr\u00f4le de la structure de l&rsquo;acier avec microscope.<\/li>\n<\/ul>\n<\/div><\/section><\/div><\/p>\n","protected":false},"excerpt":{"rendered":"","protected":false},"author":1,"featured_media":0,"parent":0,"menu_order":0,"comment_status":"closed","ping_status":"closed","template":"","meta":{"footnotes":""},"class_list":["post-135","page","type-page","status-publish","hentry"],"_links":{"self":[{"href":"https:\/\/www.amvmeca.com\/fr\/wp-json\/wp\/v2\/pages\/135","targetHints":{"allow":["GET"]}}],"collection":[{"href":"https:\/\/www.amvmeca.com\/fr\/wp-json\/wp\/v2\/pages"}],"about":[{"href":"https:\/\/www.amvmeca.com\/fr\/wp-json\/wp\/v2\/types\/page"}],"author":[{"embeddable":true,"href":"https:\/\/www.amvmeca.com\/fr\/wp-json\/wp\/v2\/users\/1"}],"replies":[{"embeddable":true,"href":"https:\/\/www.amvmeca.com\/fr\/wp-json\/wp\/v2\/comments?post=135"}],"version-history":[{"count":0,"href":"https:\/\/www.amvmeca.com\/fr\/wp-json\/wp\/v2\/pages\/135\/revisions"}],"wp:attachment":[{"href":"https:\/\/www.amvmeca.com\/fr\/wp-json\/wp\/v2\/media?parent=135"}],"curies":[{"name":"wp","href":"https:\/\/api.w.org\/{rel}","templated":true}]}}